{"id":530,"date":"2017-07-02T16:56:04","date_gmt":"2017-07-02T16:56:04","guid":{"rendered":"http:\/\/rafalwieczorek.pl\/andrzejhrydzewicz\/?page_id=530"},"modified":"2022-01-02T17:23:21","modified_gmt":"2022-01-02T17:23:21","slug":"strona-glowna","status":"publish","type":"page","link":"https:\/\/rafalwieczorek.pl\/andrzejhrydzewicz\/","title":{"rendered":""},"content":{"rendered":"<p><a href=\"http:\/\/rafalwieczorek.pl\/andrzejhrydzewicz\/wp-content\/uploads\/2017\/06\/hrydzewicz_kordian.jpg\" data-rel=\"lightbox-image-0\" data-rl_title=\"\" data-rl_caption=\"\" title=\"\"><img loading=\"lazy\" decoding=\"async\" class=\"alignleft wp-image-522 size-medium\" src=\"http:\/\/rafalwieczorek.pl\/andrzejhrydzewicz\/wp-content\/uploads\/2017\/06\/hrydzewicz_kordian-265x300.jpg\" alt=\"\" width=\"265\" height=\"300\" srcset=\"https:\/\/rafalwieczorek.pl\/andrzejhrydzewicz\/wp-content\/uploads\/2017\/06\/hrydzewicz_kordian-265x300.jpg 265w, https:\/\/rafalwieczorek.pl\/andrzejhrydzewicz\/wp-content\/uploads\/2017\/06\/hrydzewicz_kordian.jpg 353w\" sizes=\"auto, (max-width: 265px) 100vw, 265px\" \/><\/a>Witryna o charakterze archiwalnym, po\u015bwi\u0119cona tw\u00f3rczo\u015bci<br \/>\nAndrzeja Hrydzewicza, autoryzowana przez \u015ap. Artyst\u0119.<\/p>\n","protected":false},"excerpt":{"rendered":"<p>Witryna o charakterze archiwalnym, po\u015bwi\u0119cona tw\u00f3rczo\u015bci Andrzeja Hrydzewicza, autoryzowana przez \u015ap. Artyst\u0119.<\/p>\n","protected":false},"author":1,"featured_media":0,"parent":0,"menu_order":0,"comment_status":"closed","ping_status":"closed","template":"","meta":{"footnotes":""},"class_list":["post-530","page","type-page","status-publish","hentry"],"_links":{"self":[{"href":"https:\/\/rafalwieczorek.pl\/andrzejhrydzewicz\/wp-json\/wp\/v2\/pages\/530","targetHints":{"allow":["GET"]}}],"collection":[{"href":"https:\/\/rafalwieczorek.pl\/andrzejhrydzewicz\/wp-json\/wp\/v2\/pages"}],"about":[{"href":"https:\/\/rafalwieczorek.pl\/andrzejhrydzewicz\/wp-json\/wp\/v2\/types\/page"}],"author":[{"embeddable":true,"href":"https:\/\/rafalwieczorek.pl\/andrzejhrydzewicz\/wp-json\/wp\/v2\/users\/1"}],"replies":[{"embeddable":true,"href":"https:\/\/rafalwieczorek.pl\/andrzejhrydzewicz\/wp-json\/wp\/v2\/comments?post=530"}],"version-history":[{"count":25,"href":"https:\/\/rafalwieczorek.pl\/andrzejhrydzewicz\/wp-json\/wp\/v2\/pages\/530\/revisions"}],"predecessor-version":[{"id":1564,"href":"https:\/\/rafalwieczorek.pl\/andrzejhrydzewicz\/wp-json\/wp\/v2\/pages\/530\/revisions\/1564"}],"wp:attachment":[{"href":"https:\/\/rafalwieczorek.pl\/andrzejhrydzewicz\/wp-json\/wp\/v2\/media?parent=530"}],"curies":[{"name":"wp","href":"https:\/\/api.w.org\/{rel}","templated":true}]}}