{"id":514,"date":"2017-06-25T10:43:29","date_gmt":"2017-06-25T10:43:29","guid":{"rendered":"http:\/\/rafalwieczorek.pl\/andrzejhrydzewicz\/?page_id=514"},"modified":"2017-07-02T16:54:01","modified_gmt":"2017-07-02T16:54:01","slug":"ksiega-gosci","status":"publish","type":"page","link":"https:\/\/rafalwieczorek.pl\/andrzejhrydzewicz\/ksiega-gosci\/","title":{"rendered":"Ksi\u0119ga go\u015bci"},"content":{"rendered":"<p>Zostaw sw\u00f3j komentarz:<\/p>\n","protected":false},"excerpt":{"rendered":"<p>Zostaw sw\u00f3j komentarz:<\/p>\n","protected":false},"author":1,"featured_media":0,"parent":0,"menu_order":0,"comment_status":"open","ping_status":"closed","template":"","meta":{"footnotes":""},"class_list":["post-514","page","type-page","status-publish","hentry"],"_links":{"self":[{"href":"https:\/\/rafalwieczorek.pl\/andrzejhrydzewicz\/wp-json\/wp\/v2\/pages\/514","targetHints":{"allow":["GET"]}}],"collection":[{"href":"https:\/\/rafalwieczorek.pl\/andrzejhrydzewicz\/wp-json\/wp\/v2\/pages"}],"about":[{"href":"https:\/\/rafalwieczorek.pl\/andrzejhrydzewicz\/wp-json\/wp\/v2\/types\/page"}],"author":[{"embeddable":true,"href":"https:\/\/rafalwieczorek.pl\/andrzejhrydzewicz\/wp-json\/wp\/v2\/users\/1"}],"replies":[{"embeddable":true,"href":"https:\/\/rafalwieczorek.pl\/andrzejhrydzewicz\/wp-json\/wp\/v2\/comments?post=514"}],"version-history":[{"count":1,"href":"https:\/\/rafalwieczorek.pl\/andrzejhrydzewicz\/wp-json\/wp\/v2\/pages\/514\/revisions"}],"predecessor-version":[{"id":515,"href":"https:\/\/rafalwieczorek.pl\/andrzejhrydzewicz\/wp-json\/wp\/v2\/pages\/514\/revisions\/515"}],"wp:attachment":[{"href":"https:\/\/rafalwieczorek.pl\/andrzejhrydzewicz\/wp-json\/wp\/v2\/media?parent=514"}],"curies":[{"name":"wp","href":"https:\/\/api.w.org\/{rel}","templated":true}]}}